{"id":24,"date":"2025-10-14T04:12:53","date_gmt":"2025-10-14T04:12:53","guid":{"rendered":"https:\/\/thhbdentallab.com\/?page_id=24"},"modified":"2025-11-01T16:34:14","modified_gmt":"2025-11-01T16:34:14","slug":"tra-cuu-bao-hanh","status":"publish","type":"page","link":"https:\/\/thhbdentallab.com\/index.php\/tra-cuu-bao-hanh\/","title":{"rendered":"TRA C\u1ee8U B\u1ea2O H\u00c0NH"},"content":{"rendered":"\t\t<div data-elementor-type=\"wp-page\" data-elementor-id=\"24\" class=\"elementor elementor-24\" data-elementor-post-type=\"page\">\n\t\t\t\t\t\t<section class=\"elementor-section elementor-top-section elementor-element elementor-element-1c21e50c elementor-section-boxed elementor-section-height-default elementor-section-height-default\" data-id=\"1c21e50c\" data-element_type=\"section\" data-settings=\"{&quot;background_background&quot;:&quot;classic&quot;}\">\n\t\t\t\t\t\t\t<div class=\"elementor-background-overlay\"><\/div>\n\t\t\t\t\t\t\t<div class=\"elementor-container elementor-column-gap-default\">\n\t\t\t\t\t<div class=\"elementor-column elementor-col-100 elementor-top-column elementor-element elementor-element-29550fd8\" data-id=\"29550fd8\" data-element_type=\"column\">\n\t\t\t<div class=\"elementor-widget-wrap elementor-element-populated\">\n\t\t\t\t\t\t<div class=\"elementor-element elementor-element-6d92de08 elementor-widget elementor-widget-heading\" data-id=\"6d92de08\" data-element_type=\"widget\" data-widget_type=\"heading.default\">\n\t\t\t\t\t<h2 class=\"elementor-heading-title elementor-size-default\">TRA C\u1ee8U TH\u00d4NG TIN B\u1ea2O H\u00c0NH<\/h2>\t\t\t\t<\/div>\n\t\t\t\t<div class=\"elementor-element elementor-element-53a59e03 elementor-widget elementor-widget-text-editor\" data-id=\"53a59e03\" data-element_type=\"widget\" data-widget_type=\"text-editor.default\">\n\t\t\t\t\t\t\t\t\t<p style=\"text-align: center;\">Vui l\u00f2ng nh\u1eadp m\u00e3 th\u1ebb b\u1ea3o h\u00e0nh c\u1ee7a b\u1ea1n v\u00e0o \u00f4 d\u01b0\u1edbi \u0111\u00e2y \u0111\u1ec3 ki\u1ec3m tra th\u00f4ng tin chi ti\u1ebft v\u00e0 t\u00ecnh tr\u1ea1ng b\u1ea3o h\u00e0nh s\u1ea3n ph\u1ea9m.<\/p>\t\t\t\t\t\t\t\t<\/div>\n\t\t\t\t\t<\/div>\n\t\t<\/div>\n\t\t\t\t\t<\/div>\n\t\t<\/section>\n\t\t<div class=\"elementor-element elementor-element-adeed7a e-flex e-con-boxed e-con e-parent\" data-id=\"adeed7a\" data-element_type=\"container\">\n\t\t\t\t\t<div class=\"e-con-inner\">\n\t\t\t\t<div class=\"elementor-element elementor-element-3d4244a elementor-widget elementor-widget-shortcode\" data-id=\"3d4244a\" data-element_type=\"widget\" data-widget_type=\"shortcode.default\">\n\t\t\t\t\t\t\t<div class=\"elementor-shortcode\">    <div class=\"lw-wrap\">\n      <form method=\"get\" action=\"\" class=\"lw-form\">\n        <label for=\"code\">M\u00e3 th\u1ebb<\/label>\n        <input type=\"text\" id=\"code\" name=\"code\" placeholder=\"Nh\u1eadp m\u00e3 th\u1ebb (VD: DN006)\" value=\"\" required>\n        <input type=\"hidden\" id=\"warranty_nonce\" name=\"warranty_nonce\" value=\"0bca4daf65\" \/><input type=\"hidden\" name=\"_wp_http_referer\" value=\"\/index.php\/wp-json\/wp\/v2\/pages\/24\" \/>        <button type=\"submit\" class=\"lw-btn\">Tra c\u1ee9u<\/button>\n      <\/form>\n\n      <div class=\"warranty-result\">\n        \n              <\/div>\n    <\/div>\n    <\/div>\n\t\t\t\t\t\t<\/div>\n\t\t\t\t\t<\/div>\n\t\t\t\t<\/div>\n\t\t\t\t<section class=\"elementor-section elementor-top-section elementor-element elementor-element-24be74bf elementor-section-boxed elementor-section-height-default elementor-section-height-default\" data-id=\"24be74bf\" data-element_type=\"section\">\n\t\t\t\t\t\t<div class=\"elementor-container elementor-column-gap-default\">\n\t\t\t\t\t<div class=\"elementor-column elementor-col-100 elementor-top-column elementor-element elementor-element-7fedbf54\" data-id=\"7fedbf54\" data-element_type=\"column\">\n\t\t\t<div class=\"elementor-widget-wrap elementor-element-populated\">\n\t\t\t\t\t\t<div class=\"elementor-element elementor-element-69e5d3a0 elementor-widget elementor-widget-heading\" data-id=\"69e5d3a0\" data-element_type=\"widget\" data-widget_type=\"heading.default\">\n\t\t\t\t\t<h2 class=\"elementor-heading-title elementor-size-default\"><span style=\"border-left: 5px solid #e35d75;padding-left: 10px\">CH\u00cdNH S\u00c1CH B\u1ea2O H\u00c0NH<\/span><\/h2>\t\t\t\t<\/div>\n\t\t\t\t<div class=\"elementor-element elementor-element-7098bda5 elementor-widget elementor-widget-heading\" data-id=\"7098bda5\" data-element_type=\"widget\" data-widget_type=\"heading.default\">\n\t\t\t\t\t<h2 class=\"elementor-heading-title elementor-size-default\">\u0110I\u1ec0U KI\u1ec6N B\u1ea2O H\u00c0NH:<\/h2>\t\t\t\t<\/div>\n\t\t\t\t<div class=\"elementor-element elementor-element-27255671 elementor-widget elementor-widget-text-editor\" data-id=\"27255671\" data-element_type=\"widget\" data-widget_type=\"text-editor.default\">\n\t\t\t\t\t\t\t\t\t<ul><li>B\u1ea3o h\u00e0nh k\u1ec3 t\u1eeb khi ph\u1ee5c h\u00ecnh \u0111\u01b0\u1ee3c g\u1eafn v\u0129nh vi\u1ec5n.<\/li><li>Khi c\u1ea7n b\u1ea3o h\u00e0nh, qu\u00fd kh\u00e1ch vui l\u00f2ng xu\u1ea5t tr\u00ecnh th\u1ebb b\u1ea3o h\u00e0nh c\u00f2n th\u1eddi h\u1ea1n.<\/li><\/ul>\t\t\t\t\t\t\t\t<\/div>\n\t\t\t\t<div class=\"elementor-element elementor-element-30b33a55 elementor-widget elementor-widget-heading\" data-id=\"30b33a55\" data-element_type=\"widget\" data-widget_type=\"heading.default\">\n\t\t\t\t\t<h2 class=\"elementor-heading-title elementor-size-default\">T\u1eea CH\u1ed0I B\u1ea2O H\u00c0NH:<\/h2>\t\t\t\t<\/div>\n\t\t\t\t<div class=\"elementor-element elementor-element-6981c594 elementor-widget elementor-widget-text-editor\" data-id=\"6981c594\" data-element_type=\"widget\" data-widget_type=\"text-editor.default\">\n\t\t\t\t\t\t\t\t\t<ul><li>Th\u1ebb b\u1ea3o h\u00e0nh h\u1ebft h\u1ea1n, b\u1ecb t\u1ea9y x\u00f3a kh\u00f4ng c\u00f2n nguy\u00ean v\u1eb9n.<\/li><li>C\u00e1c th\u00f4ng tin tr\u00ean th\u1ebb, tr\u00ean ph\u1ea7n m\u1ec1m, tr\u00ean CCCD kh\u00f4ng tr\u00f9ng kh\u1edbp.<\/li><li>Ph\u1ee5c h\u00ecnh g\u00e3y, v\u1ee1 do r\u01a1i, ngo\u1ea1i l\u1ef1c t\u00e1c \u0111\u1ed9ng, c\u1ed1 \u00fd nhai, c\u1eafn v\u1eadt c\u1ee9ng ho\u1eb7c kh\u00e1ch h\u00e0ng mu\u1ed1n thay \u0111\u1ed5i m\u00e0u s\u1eafc, h\u00ecnh th\u1ec3.<\/li><\/ul>\t\t\t\t\t\t\t\t<\/div>\n\t\t\t\t\t<\/div>\n\t\t<\/div>\n\t\t\t\t\t<\/div>\n\t\t<\/section>\n\t\t\t\t<\/div>\n\t\t","protected":false},"excerpt":{"rendered":"<p>TRA C\u1ee8U TH\u00d4NG TIN B\u1ea2O H\u00c0NH Vui l\u00f2ng nh\u1eadp m\u00e3 th\u1ebb b\u1ea3o h\u00e0nh c\u1ee7a b\u1ea1n v\u00e0o \u00f4 d\u01b0\u1edbi \u0111\u00e2y \u0111\u1ec3 [&hellip;]<\/p>\n","protected":false},"author":1,"featured_media":0,"parent":0,"menu_order":0,"comment_status":"closed","ping_status":"closed","template":"","meta":{"_acf_changed":false,"site-sidebar-layout":"no-sidebar","site-content-layout":"","ast-site-content-layout":"full-width-container","site-content-style":"default","site-sidebar-style":"default","ast-global-header-display":"","ast-banner-title-visibility":"","ast-main-header-display":"","ast-hfb-above-header-display":"","ast-hfb-below-header-display":"","ast-hfb-mobile-header-display":"","site-post-title":"","ast-breadcrumbs-content":"","ast-featured-img":"disabled","footer-sml-layout":"","theme-transparent-header-meta":"","adv-header-id-meta":"","stick-header-meta":"","header-above-stick-meta":"","header-main-stick-meta":"","header-below-stick-meta":"","astra-migrate-meta-layouts":"default","ast-page-background-enabled":"default","ast-page-background-meta":{"desktop":{"background-color":"var(--ast-global-color-5)","background-image":"","background-repeat":"repeat","background-position":"center center","background-size":"auto","background-attachment":"scroll","background-type":"","background-media":"","overlay-type":"","overlay-color":"","overlay-opacity":"","overlay-gradient":""},"tablet":{"background-color":"","background-image":"","background-repeat":"repeat","background-position":"center center","background-size":"auto","background-attachment":"scroll","background-type":"","background-media":"","overlay-type":"","overlay-color":"","overlay-opacity":"","overlay-gradient":""},"mobile":{"background-color":"","background-image":"","background-repeat":"repeat","background-position":"center center","background-size":"auto","background-attachment":"scroll","background-type":"","background-media":"","overlay-type":"","overlay-color":"","overlay-opacity":"","overlay-gradient":""}},"ast-content-background-meta":{"desktop":{"background-color":"var(--ast-global-color-4)","background-image":"","background-repeat":"repeat","background-position":"center center","background-size":"auto","background-attachment":"scroll","background-type":"","background-media":"","overlay-type":"","overlay-color":"","overlay-opacity":"","overlay-gradient":""},"tablet":{"background-color":"var(--ast-global-color-4)","background-image":"","background-repeat":"repeat","background-position":"center center","background-size":"auto","background-attachment":"scroll","background-type":"","background-media":"","overlay-type":"","overlay-color":"","overlay-opacity":"","overlay-gradient":""},"mobile":{"background-color":"var(--ast-global-color-4)","background-image":"","background-repeat":"repeat","background-position":"center center","background-size":"auto","background-attachment":"scroll","background-type":"","background-media":"","overlay-type":"","overlay-color":"","overlay-opacity":"","overlay-gradient":""}},"footnotes":""},"class_list":["post-24","page","type-page","status-publish","hentry"],"acf":[],"_hostinger_reach_plugin_has_subscription_block":false,"_hostinger_reach_plugin_is_elementor":false,"_links":{"self":[{"href":"https:\/\/thhbdentallab.com\/index.php\/wp-json\/wp\/v2\/pages\/24","targetHints":{"allow":["GET"]}}],"collection":[{"href":"https:\/\/thhbdentallab.com\/index.php\/wp-json\/wp\/v2\/pages"}],"about":[{"href":"https:\/\/thhbdentallab.com\/index.php\/wp-json\/wp\/v2\/types\/page"}],"author":[{"embeddable":true,"href":"https:\/\/thhbdentallab.com\/index.php\/wp-json\/wp\/v2\/users\/1"}],"replies":[{"embeddable":true,"href":"https:\/\/thhbdentallab.com\/index.php\/wp-json\/wp\/v2\/comments?post=24"}],"version-history":[{"count":44,"href":"https:\/\/thhbdentallab.com\/index.php\/wp-json\/wp\/v2\/pages\/24\/revisions"}],"predecessor-version":[{"id":1858,"href":"https:\/\/thhbdentallab.com\/index.php\/wp-json\/wp\/v2\/pages\/24\/revisions\/1858"}],"wp:attachment":[{"href":"https:\/\/thhbdentallab.com\/index.php\/wp-json\/wp\/v2\/media?parent=24"}],"curies":[{"name":"wp","href":"https:\/\/api.w.org\/{rel}","templated":true}]}}